{"id":498,"date":"2025-01-21T16:18:29","date_gmt":"2025-01-21T15:18:29","guid":{"rendered":"http:\/\/xgyoaig.cluster100.hosting.ovh.net\/?page_id=498"},"modified":"2025-05-21T15:17:07","modified_gmt":"2025-05-21T13:17:07","slug":"mentions-legales","status":"publish","type":"page","link":"https:\/\/binetlegal.com\/index.php\/mentions-legales\/","title":{"rendered":"Mentions l\u00e9gales"},"content":{"rendered":"<h1>Mentions l\u00e9gales<\/h1>\n<p><span style=\"color: #e200b9;\"><strong>D\u00e9nomination :<\/strong><\/span> Binet l\u00e9gal<br \/>\n<span style=\"color: #e200b9;\"><strong>Adresse :<\/strong><\/span> 2, rue Wilson, L-2732 Luxembourg, Grand Duchy of Luxembourg<br \/>\n<span style=\"color: #e200b9;\"><strong>T\u00e9l\u00e9phone :<\/strong><\/span> +352 24 87 36 20<br \/>\n<span style=\"color: #e200b9;\"><strong>Adresse e-mail de contact :<\/strong><\/span> info@binetlegal.com<\/p>\n<p>Site web h\u00e9berg\u00e9 par OVH \u2013 2 rue Kellermann \u2013 59100 ROUBAIX \u2013 France. Pour contacter cet h\u00e9bergeur, rendez-vous \u00e0 l\u2019adresse http:\/\/www.ovh.com\/fr\/support\/<\/p>\n","protected":false},"excerpt":{"rendered":"<p>Mentions l\u00e9gales D\u00e9nomination : Binet l\u00e9gal Adresse : 2, rue Wilson, L-2732 Luxembourg, Grand Duchy of Luxembourg T\u00e9l\u00e9phone : +352 24 87 36 20 Adresse e-mail de contact : info@binetlegal.com&#8230;<\/p>\n","protected":false},"author":1,"featured_media":0,"parent":0,"menu_order":0,"comment_status":"closed","ping_status":"open","template":"","meta":{"footnotes":""},"class_list":["post-498","page","type-page","status-publish"],"_links":{"self":[{"href":"https:\/\/binetlegal.com\/index.php\/wp-json\/wp\/v2\/pages\/498","targetHints":{"allow":["GET"]}}],"collection":[{"href":"https:\/\/binetlegal.com\/index.php\/wp-json\/wp\/v2\/pages"}],"about":[{"href":"https:\/\/binetlegal.com\/index.php\/wp-json\/wp\/v2\/types\/page"}],"author":[{"embeddable":true,"href":"https:\/\/binetlegal.com\/index.php\/wp-json\/wp\/v2\/users\/1"}],"replies":[{"embeddable":true,"href":"https:\/\/binetlegal.com\/index.php\/wp-json\/wp\/v2\/comments?post=498"}],"version-history":[{"count":5,"href":"https:\/\/binetlegal.com\/index.php\/wp-json\/wp\/v2\/pages\/498\/revisions"}],"predecessor-version":[{"id":723,"href":"https:\/\/binetlegal.com\/index.php\/wp-json\/wp\/v2\/pages\/498\/revisions\/723"}],"wp:attachment":[{"href":"https:\/\/binetlegal.com\/index.php\/wp-json\/wp\/v2\/media?parent=498"}],"curies":[{"name":"wp","href":"https:\/\/api.w.org\/{rel}","templated":true}]}}